{"id":4,"date":"2017-08-01T10:59:53","date_gmt":"2017-08-01T10:59:53","guid":{"rendered":"http:\/\/haga.poolpark.fi\/?page_id=4"},"modified":"2017-09-27T17:54:47","modified_gmt":"2017-09-27T14:54:47","slug":"startsida","status":"publish","type":"page","link":"https:\/\/www.haga.fi\/","title":{"rendered":"Startsida"},"content":{"rendered":"<p><div id=\"produktion\" class=\"fusion-container-anchor\"><div class=\"fusion-fullwidth fullwidth-box fusion-builder-row-1 nonhundred-percent-fullwidth non-hundred-percent-height-scrolling\" style=\"--awb-border-radius-top-left:0px;--awb-border-radius-top-right:0px;--awb-border-radius-bottom-right:0px;--awb-border-radius-bottom-left:0px;--awb-padding-top:35px;--awb-padding-bottom:30px;--awb-flex-wrap:wrap;\" ><div class=\"fusion-builder-row fusion-row\"><div class=\"fusion-layout-column fusion_builder_column fusion-builder-column-0 fusion_builder_column_1_3 1_3 fusion-one-third fusion-column-first fusion-animated\" style=\"--awb-bg-size:cover;width:33.333333333333%;width:calc(33.333333333333% - ( ( 4% + 4% ) * 0.33333333333333 ) );margin-right: 4%;\" data-animationType=\"fadeInDown\" data-animationDuration=\"0.5\" data-animationOffset=\"top-into-view\"><div class=\"fusion-column-wrapper fusion-flex-column-wrapper-legacy\"><div class=\"fusion-image-element fusion-image-align-center in-legacy-container\" style=\"text-align:center;--awb-caption-title-font-family:var(--h2_typography-font-family);--awb-caption-title-font-weight:var(--h2_typography-font-weight);--awb-caption-title-font-style:var(--h2_typography-font-style);--awb-caption-title-size:var(--h2_typography-font-size);--awb-caption-title-transform:var(--h2_typography-text-transform);--awb-caption-title-line-height:var(--h2_typography-line-height);--awb-caption-title-letter-spacing:var(--h2_typography-letter-spacing);\"><div class=\"imageframe-align-center\"><span class=\" fusion-imageframe imageframe-none imageframe-1 hover-type-none\"><img decoding=\"async\" width=\"236\" height=\"244\" title=\"h\u00f6na\" src=\"https:\/\/www.haga.fi\/wp-content\/uploads\/2017\/08\/h\u00f6na.png\" alt class=\"img-responsive wp-image-10\" srcset=\"https:\/\/www.haga.fi\/wp-content\/uploads\/2017\/08\/h\u00f6na-200x207.png 200w, https:\/\/www.haga.fi\/wp-content\/uploads\/2017\/08\/h\u00f6na.png 236w\" sizes=\"(max-width: 800px) 100vw, 236px\" \/><\/span><\/div><\/div><div class=\"fusion-text fusion-text-1\"><h2 style=\"text-align: center;\">Vi \u00e4r din lokala<br \/>\n\u00e4ggproducent<\/h2>\n<p style=\"text-align: center;\">Vi levererar v\u00e5ra \u00e4gg till ett av Finlands st\u00f6rre packerier. Dessutom kan man ocks\u00e5 k\u00f6pa v\u00e5ra \u00e4gg i v\u00e5r egna \u00e4ggbod.<\/p>\n<\/div><div class=\"fusion-clearfix\"><\/div><\/div><\/div><div class=\"fusion-layout-column fusion_builder_column fusion-builder-column-1 fusion_builder_column_1_3 1_3 fusion-one-third fusion-animated\" style=\"--awb-bg-size:cover;width:33.333333333333%;width:calc(33.333333333333% - ( ( 4% + 4% ) * 0.33333333333333 ) );margin-right: 4%;\" data-animationType=\"fadeInDown\" data-animationDuration=\"0.5\" data-animationOffset=\"top-into-view\"><div class=\"fusion-column-wrapper fusion-flex-column-wrapper-legacy\"><div class=\"fusion-image-element fusion-image-align-center in-legacy-container\" style=\"text-align:center;--awb-caption-title-font-family:var(--h2_typography-font-family);--awb-caption-title-font-weight:var(--h2_typography-font-weight);--awb-caption-title-font-style:var(--h2_typography-font-style);--awb-caption-title-size:var(--h2_typography-font-size);--awb-caption-title-transform:var(--h2_typography-text-transform);--awb-caption-title-line-height:var(--h2_typography-line-height);--awb-caption-title-letter-spacing:var(--h2_typography-letter-spacing);\"><div class=\"imageframe-align-center\"><span class=\" fusion-imageframe imageframe-none imageframe-2 hover-type-none\"><img decoding=\"async\" width=\"236\" height=\"244\" title=\"egg\" src=\"https:\/\/www.haga.fi\/wp-content\/uploads\/2017\/08\/egg.png\" alt class=\"img-responsive wp-image-11\" srcset=\"https:\/\/www.haga.fi\/wp-content\/uploads\/2017\/08\/egg-200x207.png 200w, https:\/\/www.haga.fi\/wp-content\/uploads\/2017\/08\/egg.png 236w\" sizes=\"(max-width: 800px) 100vw, 236px\" \/><\/span><\/div><\/div><div class=\"fusion-text fusion-text-2\"><h2 style=\"text-align: center;\">40 \u00e5r inom<br \/>\n\u00e4ggproduktion<\/h2>\n<p style=\"text-align: center;\">V\u00e5ra h\u00f6ns f\u00f6ds upp p\u00e5 v\u00e5rt egna GMO-fria foder. D\u00e4rmed klassas v\u00e5r farm som helt GMO-fri. I v\u00e5ra \u00e4gg finns heller inte n\u00e5gra f\u00e4rg\u00e4mnen.<\/p>\n<\/div><div class=\"fusion-clearfix\"><\/div><\/div><\/div><div class=\"fusion-layout-column fusion_builder_column fusion-builder-column-2 fusion_builder_column_1_3 1_3 fusion-one-third fusion-column-last fusion-animated\" style=\"--awb-bg-size:cover;width:33.333333333333%;width:calc(33.333333333333% - ( ( 4% + 4% ) * 0.33333333333333 ) );\" data-animationType=\"fadeInDown\" data-animationDuration=\"0.5\" data-animationOffset=\"top-into-view\"><div class=\"fusion-column-wrapper fusion-flex-column-wrapper-legacy\"><div class=\"fusion-image-element fusion-image-align-center in-legacy-container\" style=\"text-align:center;--awb-caption-title-font-family:var(--h2_typography-font-family);--awb-caption-title-font-weight:var(--h2_typography-font-weight);--awb-caption-title-font-style:var(--h2_typography-font-style);--awb-caption-title-size:var(--h2_typography-font-size);--awb-caption-title-transform:var(--h2_typography-text-transform);--awb-caption-title-line-height:var(--h2_typography-line-height);--awb-caption-title-letter-spacing:var(--h2_typography-letter-spacing);\"><div class=\"imageframe-align-center\"><span class=\" fusion-imageframe imageframe-none imageframe-3 hover-type-none\"><img decoding=\"async\" width=\"236\" height=\"244\" title=\"tupp\" src=\"https:\/\/www.haga.fi\/wp-content\/uploads\/2017\/08\/tupp.png\" alt class=\"img-responsive wp-image-12\" srcset=\"https:\/\/www.haga.fi\/wp-content\/uploads\/2017\/08\/tupp-200x207.png 200w, https:\/\/www.haga.fi\/wp-content\/uploads\/2017\/08\/tupp.png 236w\" sizes=\"(max-width: 800px) 100vw, 236px\" \/><\/span><\/div><\/div><div class=\"fusion-text fusion-text-3\"><h2 style=\"text-align: center;\">Uppf\u00f6dning av<br \/>\nGMO-fria h\u00f6ns<\/h2>\n<p style=\"text-align: center;\">F\u00f6rutom \u00e4ggproduktion har g\u00e5rden h\u00f6nsuppf\u00f6dning p\u00e5 golv och i bur.<\/p>\n<\/div><div class=\"fusion-clearfix\"><\/div><\/div><\/div><div class=\"fusion-layout-column fusion_builder_column fusion-builder-column-3 fusion_builder_column_1_1 1_1 fusion-one-full fusion-column-first fusion-column-last\" style=\"--awb-bg-size:cover;\"><div class=\"fusion-column-wrapper fusion-flex-column-wrapper-legacy\"><div class=\"fusion-clearfix\"><\/div><\/div><\/div><\/div><\/div><\/div><div id=\"aggboden\" class=\"fusion-container-anchor\"><div class=\"fusion-fullwidth fullwidth-box fusion-builder-row-2 nonhundred-percent-fullwidth non-hundred-percent-height-scrolling\" style=\"--awb-border-radius-top-left:0px;--awb-border-radius-top-right:0px;--awb-border-radius-bottom-right:0px;--awb-border-radius-bottom-left:0px;--awb-padding-top:55px;--awb-padding-bottom:35px;--awb-background-color:#f9eded;--awb-flex-wrap:wrap;\" ><div class=\"fusion-builder-row fusion-row\"><div class=\"fusion-layout-column fusion_builder_column fusion-builder-column-4 fusion_builder_column_3_5 3_5 fusion-three-fifth fusion-column-first fusion-animated\" style=\"--awb-bg-size:cover;width:60%;width:calc(60% - ( ( 4% ) * 0.6 ) );margin-right: 4%;\" data-animationType=\"fadeInDown\" data-animationDuration=\"0.5\" data-animationOffset=\"top-into-view\"><div class=\"fusion-column-wrapper fusion-flex-column-wrapper-legacy\"><div class=\"fusion-text fusion-text-4\"><h2 style=\"text-align: left;\">K\u00f6p \u00e4gg i v\u00e5r \u00e4ggbod!<\/h2>\n<p>I v\u00e5r alldeles egna \u00e4ggbod kan du handla dina \u00e4gg alla dagar i veckan.<br \/>\n\u00c4ggen kan handlas i\u00a010 pack samt i 30 \u00e4ggsbricka.<\/p>\n<p>Vi har \u00f6ppet alla dagar mellan <strong>kl: 08:00 &#8211; 21:00<\/strong><\/p>\n<\/div><div class=\"fusion-modal modal fade modal-1 modal\" tabindex=\"-1\" role=\"dialog\" aria-labelledby=\"modal-heading-1\" aria-hidden=\"true\" style=\"--awb-border-color:#ebebeb;--awb-background:#f6f6f6;\"><div class=\"modal-dialog modal-lg\" role=\"document\"><div class=\"modal-content fusion-modal-content\"><div class=\"modal-header\"><button class=\"close\" type=\"button\" data-dismiss=\"modal\" aria-hidden=\"true\" aria-label=\"Close\">&times;<\/button><h3 class=\"modal-title\" id=\"modal-heading-1\" data-dismiss=\"modal\" aria-hidden=\"true\">Hitta till \u00c4ggboden<\/h3><\/div><div class=\"modal-body fusion-clearfix\">\n<p>Sv\u00e4ng in p\u00e5 <strong>Vargholmsv\u00e4gen<\/strong> fr\u00e5n <strong>Strandv\u00e4gen<\/strong>.<br \/>\nK\u00f6r ca 1,4 km &#8211; \u00a0tills du ser v\u00e5rt packeri till h\u00f6ger (som p\u00e5 bilden nedan).<\/p>\n<p><img decoding=\"async\" class=\"alignnone wp-image-61 size-full\" src=\"https:\/\/www.haga.fi\/wp-content\/uploads\/2017\/08\/boden.jpg\" alt=\"\" width=\"948\" height=\"568\" srcset=\"https:\/\/www.haga.fi\/wp-content\/uploads\/2017\/08\/boden-200x120.jpg 200w, https:\/\/www.haga.fi\/wp-content\/uploads\/2017\/08\/boden-300x180.jpg 300w, https:\/\/www.haga.fi\/wp-content\/uploads\/2017\/08\/boden-400x240.jpg 400w, https:\/\/www.haga.fi\/wp-content\/uploads\/2017\/08\/boden-600x359.jpg 600w, https:\/\/www.haga.fi\/wp-content\/uploads\/2017\/08\/boden-768x460.jpg 768w, https:\/\/www.haga.fi\/wp-content\/uploads\/2017\/08\/boden-800x479.jpg 800w, https:\/\/www.haga.fi\/wp-content\/uploads\/2017\/08\/boden.jpg 948w\" sizes=\"(max-width: 948px) 100vw, 948px\" \/><\/p>\n<\/div><\/div><\/div><\/div><div class=\"fusion-button-wrapper\"><a class=\"fusion-button button-flat fusion-button-default-size button-default fusion-button-default button-1 fusion-button-default-span fusion-button-default-type\" target=\"_self\" href=\"#\" data-toggle=\"modal\" data-target=\".fusion-modal.modal\"><span class=\"fusion-button-text\">Hitta till \u00c4ggboden!<\/span><\/a><\/div><div class=\"fusion-clearfix\"><\/div><\/div><\/div><div class=\"fusion-layout-column fusion_builder_column fusion-builder-column-5 fusion_builder_column_2_5 2_5 fusion-two-fifth fusion-column-last fusion-animated\" style=\"--awb-bg-size:cover;width:40%;width:calc(40% - ( ( 4% ) * 0.4 ) );\" data-animationType=\"fadeInDown\" data-animationDuration=\"0.5\" data-animationOffset=\"top-into-view\"><div class=\"fusion-column-wrapper fusion-flex-column-wrapper-legacy\"><div class=\"fusion-image-element fusion-image-align-center in-legacy-container\" style=\"text-align:center;--awb-caption-title-font-family:var(--h2_typography-font-family);--awb-caption-title-font-weight:var(--h2_typography-font-weight);--awb-caption-title-font-style:var(--h2_typography-font-style);--awb-caption-title-size:var(--h2_typography-font-size);--awb-caption-title-transform:var(--h2_typography-text-transform);--awb-caption-title-line-height:var(--h2_typography-line-height);--awb-caption-title-letter-spacing:var(--h2_typography-letter-spacing);\"><div class=\"imageframe-align-center\"><span class=\" fusion-imageframe imageframe-none imageframe-4 hover-type-none\"><img decoding=\"async\" width=\"300\" height=\"300\" title=\"eggkorg\" src=\"https:\/\/www.haga.fi\/wp-content\/uploads\/2017\/08\/eggkorg-300x300.png\" alt class=\"img-responsive wp-image-18\" srcset=\"https:\/\/www.haga.fi\/wp-content\/uploads\/2017\/08\/eggkorg-200x199.png 200w, https:\/\/www.haga.fi\/wp-content\/uploads\/2017\/08\/eggkorg.png 350w\" sizes=\"(max-width: 800px) 100vw, 300px\" \/><\/span><\/div><\/div><div class=\"fusion-clearfix\"><\/div><\/div><\/div><\/div><\/div><\/div><div id=\"produktion\" class=\"fusion-container-anchor\"><div class=\"fusion-fullwidth fullwidth-box fusion-builder-row-3 nonhundred-percent-fullwidth non-hundred-percent-height-scrolling\" style=\"--awb-border-radius-top-left:0px;--awb-border-radius-top-right:0px;--awb-border-radius-bottom-right:0px;--awb-border-radius-bottom-left:0px;--awb-padding-top:35px;--awb-padding-bottom:30px;--awb-flex-wrap:wrap;\" ><div class=\"fusion-builder-row fusion-row\"><div class=\"fusion-layout-column fusion_builder_column fusion-builder-column-6 fusion_builder_column_1_1 1_1 fusion-one-full fusion-column-first fusion-column-last\" style=\"--awb-bg-size:cover;\"><div class=\"fusion-column-wrapper fusion-flex-column-wrapper-legacy\"><div class=\"fusion-text fusion-text-5\"><h1 style=\"text-align: center;\">Anv\u00e4ndbara \u00e4ggtips<\/h1>\n<\/div><div class=\"fusion-clearfix\"><\/div><\/div><\/div><div class=\"fusion-layout-column fusion_builder_column fusion-builder-column-7 fusion_builder_column_1_3 1_3 fusion-one-third fusion-column-first fusion-animated\" style=\"--awb-bg-size:cover;width:33.333333333333%;width:calc(33.333333333333% - ( ( 4% + 4% ) * 0.33333333333333 ) );margin-right: 4%;\" data-animationType=\"fadeInDown\" data-animationDuration=\"0.5\" data-animationOffset=\"top-into-view\"><div class=\"fusion-column-wrapper fusion-flex-column-wrapper-legacy\"><div class=\"fusion-image-element fusion-image-align-center in-legacy-container\" style=\"text-align:center;--awb-caption-title-font-family:var(--h2_typography-font-family);--awb-caption-title-font-weight:var(--h2_typography-font-weight);--awb-caption-title-font-style:var(--h2_typography-font-style);--awb-caption-title-size:var(--h2_typography-font-size);--awb-caption-title-transform:var(--h2_typography-text-transform);--awb-caption-title-line-height:var(--h2_typography-line-height);--awb-caption-title-letter-spacing:var(--h2_typography-letter-spacing);\"><div class=\"imageframe-align-center\"><span class=\" fusion-imageframe imageframe-none imageframe-5 hover-type-none\"><img decoding=\"async\" width=\"240\" height=\"239\" title=\"pot\" src=\"https:\/\/www.haga.fi\/wp-content\/uploads\/2017\/08\/pot.png\" alt class=\"img-responsive wp-image-48\" srcset=\"https:\/\/www.haga.fi\/wp-content\/uploads\/2017\/08\/pot-200x199.png 200w, https:\/\/www.haga.fi\/wp-content\/uploads\/2017\/08\/pot.png 240w\" sizes=\"(max-width: 800px) 100vw, 240px\" \/><\/span><\/div><\/div><div class=\"fusion-sep-clear\"><\/div><div class=\"fusion-separator fusion-full-width-sep\" style=\"margin-left: auto;margin-right: auto;margin-top:20px;margin-bottom:20px;width:100%;\"><\/div><div class=\"fusion-sep-clear\"><\/div><div class=\"fusion-text fusion-text-6\"><h2 style=\"text-align: center;\">S\u00e5 kokar du dina \u00e4gg<\/h2>\n<p style=\"text-align: center;\">Placera \u00e4gget i kallt vatten i en kastrull. Vattnet ska precis t\u00e4cka \u00e4ggen. Koka \u00e4ggen under lock. Sjud \u00e4ggen i ca 2 minuter f\u00f6r att f\u00e5 ett l\u00f6skokt \u00e4gg. 5 minuter f\u00f6r ett mjuk-kokt \u00e4gg och slutligen ca 8 minuter f\u00f6r ett fast och h\u00e5rdkokt \u00e4gg.<\/p>\n<\/div><div class=\"fusion-clearfix\"><\/div><\/div><\/div><div class=\"fusion-layout-column fusion_builder_column fusion-builder-column-8 fusion_builder_column_1_3 1_3 fusion-one-third fusion-animated\" style=\"--awb-bg-size:cover;width:33.333333333333%;width:calc(33.333333333333% - ( ( 4% + 4% ) * 0.33333333333333 ) );margin-right: 4%;\" data-animationType=\"fadeInDown\" data-animationDuration=\"0.5\" data-animationOffset=\"top-into-view\"><div class=\"fusion-column-wrapper fusion-flex-column-wrapper-legacy\"><div class=\"fusion-image-element fusion-image-align-center in-legacy-container\" style=\"text-align:center;--awb-caption-title-font-family:var(--h2_typography-font-family);--awb-caption-title-font-weight:var(--h2_typography-font-weight);--awb-caption-title-font-style:var(--h2_typography-font-style);--awb-caption-title-size:var(--h2_typography-font-size);--awb-caption-title-transform:var(--h2_typography-text-transform);--awb-caption-title-line-height:var(--h2_typography-line-height);--awb-caption-title-letter-spacing:var(--h2_typography-letter-spacing);\"><div class=\"imageframe-align-center\"><span class=\" fusion-imageframe imageframe-none imageframe-6 hover-type-none\"><img decoding=\"async\" width=\"240\" height=\"239\" title=\"hens\" src=\"https:\/\/www.haga.fi\/wp-content\/uploads\/2017\/08\/hens.png\" alt class=\"img-responsive wp-image-50\" srcset=\"https:\/\/www.haga.fi\/wp-content\/uploads\/2017\/08\/hens-200x199.png 200w, https:\/\/www.haga.fi\/wp-content\/uploads\/2017\/08\/hens.png 240w\" sizes=\"(max-width: 800px) 100vw, 240px\" \/><\/span><\/div><\/div><div class=\"fusion-sep-clear\"><\/div><div class=\"fusion-separator fusion-full-width-sep\" style=\"margin-left: auto;margin-right: auto;margin-top:20px;margin-bottom:20px;width:100%;\"><\/div><div class=\"fusion-sep-clear\"><\/div><div class=\"fusion-text fusion-text-7\"><h2 style=\"text-align: center;\">Bruna &amp;<br \/>\nvita \u00e4gg<\/h2>\n<p style=\"text-align: center;\">\u00c4gg kan komma i b\u00e5de brunt och vitt. Bruna h\u00f6ns ger vanligtvis bruna \u00e4gg och vita h\u00f6ns ger vita \u00e4gg. I v\u00e5r farm f\u00f6der vi b\u00e5de upp vita och bruna h\u00f6ns.<\/p>\n<\/div><div class=\"fusion-clearfix\"><\/div><\/div><\/div><div class=\"fusion-layout-column fusion_builder_column fusion-builder-column-9 fusion_builder_column_1_3 1_3 fusion-one-third fusion-column-last fusion-animated\" style=\"--awb-bg-size:cover;width:33.333333333333%;width:calc(33.333333333333% - ( ( 4% + 4% ) * 0.33333333333333 ) );\" data-animationType=\"fadeInDown\" data-animationDuration=\"0.5\" data-animationOffset=\"top-into-view\"><div class=\"fusion-column-wrapper fusion-flex-column-wrapper-legacy\"><div class=\"fusion-image-element fusion-image-align-center in-legacy-container\" style=\"text-align:center;--awb-caption-title-font-family:var(--h2_typography-font-family);--awb-caption-title-font-weight:var(--h2_typography-font-weight);--awb-caption-title-font-style:var(--h2_typography-font-style);--awb-caption-title-size:var(--h2_typography-font-size);--awb-caption-title-transform:var(--h2_typography-text-transform);--awb-caption-title-line-height:var(--h2_typography-line-height);--awb-caption-title-letter-spacing:var(--h2_typography-letter-spacing);\"><div class=\"imageframe-align-center\"><span class=\" fusion-imageframe imageframe-none imageframe-7 hover-type-none\"><img decoding=\"async\" width=\"240\" height=\"239\" title=\"oldegg\" src=\"https:\/\/www.haga.fi\/wp-content\/uploads\/2017\/08\/oldegg.png\" alt class=\"img-responsive wp-image-49\" srcset=\"https:\/\/www.haga.fi\/wp-content\/uploads\/2017\/08\/oldegg-200x199.png 200w, https:\/\/www.haga.fi\/wp-content\/uploads\/2017\/08\/oldegg.png 240w\" sizes=\"(max-width: 800px) 100vw, 240px\" \/><\/span><\/div><\/div><div class=\"fusion-sep-clear\"><\/div><div class=\"fusion-separator fusion-full-width-sep\" style=\"margin-left: auto;margin-right: auto;margin-top:20px;margin-bottom:20px;width:100%;\"><\/div><div class=\"fusion-sep-clear\"><\/div><div class=\"fusion-text fusion-text-8\"><h2 style=\"text-align: center;\">N\u00e4r \u00e4gg \u00e4r<br \/>\nnya &amp; gamla<\/h2>\n<p style=\"text-align: center;\">Du kan ta reda p\u00e5 om \u00e4gget \u00e4r gammalt genom att s\u00e4tta det vatten. Ligger det p\u00e5 sidan \u00e4r det bra. St\u00e5r det upp p\u00e5 sin trubbiga \u00e4nda b\u00f6rjar det bli gammalt. Och flyter det helt, d\u00e5 \u00e4r det gammalt och b\u00f6r sl\u00e4ngas.<\/p>\n<\/div><div class=\"fusion-clearfix\"><\/div><\/div><\/div><\/div><\/div><\/div><div id=\"kontakt\" class=\"fusion-container-anchor\"><div class=\"fusion-fullwidth fullwidth-box fusion-builder-row-4 nonhundred-percent-fullwidth non-hundred-percent-height-scrolling\" style=\"--awb-border-radius-top-left:0px;--awb-border-radius-top-right:0px;--awb-border-radius-bottom-right:0px;--awb-border-radius-bottom-left:0px;--awb-padding-top:55px;--awb-padding-bottom:45px;--awb-border-sizes-top:1px;--awb-border-sizes-bottom:1px;--awb-flex-wrap:wrap;\" ><div class=\"fusion-builder-row fusion-row\"><div class=\"fusion-layout-column fusion_builder_column fusion-builder-column-10 fusion_builder_column_1_1 1_1 fusion-one-full fusion-column-first fusion-column-last\" style=\"--awb-bg-size:cover;\"><div class=\"fusion-column-wrapper fusion-flex-column-wrapper-legacy\"><div class=\"fusion-text fusion-text-9\"><h1 style=\"text-align: center;\">S\u00e5 n\u00e5r du oss<\/h1>\n<\/div><div class=\"fusion-clearfix\"><\/div><\/div><\/div><div class=\"fusion-layout-column fusion_builder_column fusion-builder-column-11 fusion_builder_column_1_2 1_2 fusion-one-half fusion-column-first\" style=\"--awb-bg-size:cover;width:50%;width:calc(50% - ( ( 4% ) * 0.5 ) );margin-right: 4%;\"><div class=\"fusion-column-wrapper fusion-flex-column-wrapper-legacy\"><div class=\"fusion-text fusion-text-10\"><p style=\"text-align: center;\"><strong>Haga g\u00e5rdspackeri<\/strong><br \/>\nVargholmsv\u00e4gen 144<br \/>\n64210 Kalax<\/p>\n<\/div><div class=\"fusion-clearfix\"><\/div><\/div><\/div><div class=\"fusion-layout-column fusion_builder_column fusion-builder-column-12 fusion_builder_column_1_2 1_2 fusion-one-half fusion-column-last\" style=\"--awb-bg-size:cover;width:50%;width:calc(50% - ( ( 4% ) * 0.5 ) );\"><div class=\"fusion-column-wrapper fusion-flex-column-wrapper-legacy\"><div class=\"fusion-text fusion-text-11\"><p style=\"text-align: center;\"><strong>Bj\u00f6rn Haga<br \/>\n<\/strong>&#8212;<strong><br \/>\n<\/strong>Tel : 040 827 3037<br \/>\nE-mail: bjorn@haga.fi<\/p>\n<\/div><div class=\"fusion-clearfix\"><\/div><\/div><\/div><\/div><\/div><\/div><div class=\"fusion-fullwidth fullwidth-box fusion-builder-row-5 hundred-percent-fullwidth non-hundred-percent-height-scrolling\" style=\"--awb-border-radius-top-left:0px;--awb-border-radius-top-right:0px;--awb-border-radius-bottom-right:0px;--awb-border-radius-bottom-left:0px;--awb-padding-top:0px;--awb-padding-right:0px;--awb-padding-bottom:0px;--awb-padding-left:0px;--awb-flex-wrap:wrap;\" ><div class=\"fusion-builder-row fusion-row\"><div class=\"fusion-layout-column fusion_builder_column fusion-builder-column-13 fusion_builder_column_1_1 1_1 fusion-one-full fusion-column-first fusion-column-last\" style=\"--awb-bg-size:cover;\"><div class=\"fusion-column-wrapper fusion-flex-column-wrapper-legacy\">\t\t\t\t\t<script type=\"text\/javascript\">\n\t\t\t\t\t\tvar map_fusion_map_69e76e479b999;\n\t\t\t\t\t\tvar markers = [];\n\t\t\t\t\t\tvar counter = 0;\n\t\t\t\t\t\t\t\t\t\t\t\t\t\t\t\t\t\t\t\tvar fusionMapNonce = '3d1dc919c4';\n\t\t\t\t\t\t\t\t\t\t\t\tfunction fusion_run_map_fusion_map_69e76e479b999() {\n\t\t\t\t\t\t\tjQuery('#fusion_map_69e76e479b999').fusion_maps({\n\t\t\t\t\t\t\t\taddresses: [{\"address\":\"Vargholmsv\\u00e4gen 144, 64210 Kalax\",\"infobox_content\":\"Vargholmsv\\u00e4gen 144, 64210 Kalax\",\"coordinates\":false,\"cache\":true,\"latitude\":\"62.47453119999999\",\"longitude\":\"21.285336700000016\"}],\n\t\t\t\t\t\t\t\tanimations: false,\n\t\t\t\t\t\t\t\tinfobox_background_color: '',\n\t\t\t\t\t\t\t\tinfobox_styling: 'default',\n\t\t\t\t\t\t\t\tinfobox_text_color: '',\n\t\t\t\t\t\t\t\tmap_style: 'default',\n\t\t\t\t\t\t\t\tmap_type: 'roadmap',\n\t\t\t\t\t\t\t\tmarker_icon: '',\n\t\t\t\t\t\t\t\toverlay_color: '',\n\t\t\t\t\t\t\t\toverlay_color_hsl: {\"hue\":0,\"sat\":0,\"lum\":100},\n\t\t\t\t\t\t\t\tpan_control: true,\n\t\t\t\t\t\t\t\tshow_address: true,\n\t\t\t\t\t\t\t\tscale_control: true,\n\t\t\t\t\t\t\t\tscrollwheel: true,\n\t\t\t\t\t\t\t\tzoom: 14,\n\t\t\t\t\t\t\t\tzoom_control: true,\n\t\t\t\t\t\t\t});\n\t\t\t\t\t\t}\n\n\t\t\t\t\t\tgoogle.maps.event.addDomListener(window, 'load', fusion_run_map_fusion_map_69e76e479b999);\n\t\t\t\t\t<\/script>\n\t\t\t\t\t<div class=\"shortcode-map fusion-google-map fusion-maps-js-type\" style=\"--awb-height:420px;\" id=\"fusion_map_69e76e479b999\"><\/div><div class=\"fusion-clearfix\"><\/div><\/div><\/div><\/div><\/div><\/p>\n","protected":false},"excerpt":{"rendered":"","protected":false},"author":2,"featured_media":0,"parent":0,"menu_order":0,"comment_status":"closed","ping_status":"closed","template":"100-width.php","meta":{"footnotes":""},"class_list":["post-4","page","type-page","status-publish","hentry"],"_links":{"self":[{"href":"https:\/\/www.haga.fi\/index.php?rest_route=\/wp\/v2\/pages\/4","targetHints":{"allow":["GET"]}}],"collection":[{"href":"https:\/\/www.haga.fi\/index.php?rest_route=\/wp\/v2\/pages"}],"about":[{"href":"https:\/\/www.haga.fi\/index.php?rest_route=\/wp\/v2\/types\/page"}],"author":[{"embeddable":true,"href":"https:\/\/www.haga.fi\/index.php?rest_route=\/wp\/v2\/users\/2"}],"replies":[{"embeddable":true,"href":"https:\/\/www.haga.fi\/index.php?rest_route=%2Fwp%2Fv2%2Fcomments&post=4"}],"version-history":[{"count":68,"href":"https:\/\/www.haga.fi\/index.php?rest_route=\/wp\/v2\/pages\/4\/revisions"}],"predecessor-version":[{"id":90,"href":"https:\/\/www.haga.fi\/index.php?rest_route=\/wp\/v2\/pages\/4\/revisions\/90"}],"wp:attachment":[{"href":"https:\/\/www.haga.fi\/index.php?rest_route=%2Fwp%2Fv2%2Fmedia&parent=4"}],"curies":[{"name":"wp","href":"https:\/\/api.w.org\/{rel}","templated":true}]}}